{"id":11,"date":"2024-07-10T06:11:03","date_gmt":"2024-07-10T06:11:03","guid":{"rendered":"https:\/\/taxilofsdalen.se\/?page_id=11"},"modified":"2025-02-05T09:03:35","modified_gmt":"2025-02-05T09:03:35","slug":"startsida","status":"publish","type":"page","link":"https:\/\/taxilofsdalen.se\/","title":{"rendered":"Startsida"},"content":{"rendered":"\n\n\t<h1>Taxi Lofsdalen<\/h1>\n\tVi erbjuder taxi och transporttj\u00e4nster i och runt Lofsdalen.<br \/>\nVarmt v\u00e4lkommen att boka din taxiresa redan idag!\n\t\t\t<a href=\"tel:0046700394598\" title=\"Click Here\" target=\"_self\" role=\"button\" aria-label=\"0700 39 45 98\" rel=\"noopener\">\n\t\t\t\t\t\t\t0700 39 45 98\n\t\t<\/a>\n\t<h3>Transfer till och fr\u00e5n Lofsdalen<\/h3>\nBeh\u00f6ver du transfer fr\u00e5n flyget, t\u00e5get eller bussen p\u00e5 din v\u00e4g mot fj\u00e4llen?<br \/>\nTaxi Lofsdalen fixar smidigt resan hela v\u00e4gen fram till ditt boende i Lofsdalen med omnejd.\n\t\t\t<h3>Res bekv\u00e4mt och s\u00e4kert vidare till din destination fr\u00e5n:<\/h3>\t\t\t\n\t\t\t\t<ul>\n<li>Svegs busstation (L\u00e4nstrafiken Z, H\u00e4rjedalingen &amp; Flixbus)<\/li>\n<li>\u00c5re \u00d6stersund Airport<\/li>\n<li>H\u00e4rjedalens Sveg Airport<\/li>\n<li>R\u00f6jans t\u00e5gstation<\/li>\n<li>\u00d6stersunds Centralstation<\/li>\n<li>\u00c5nge Station<\/li>\n<li>Ljusdal Station<\/li>\n<li>R\u00f6ros Lufthavn<\/li>\n<li>Trondheim Lufthavn \/ V\u00e4rnes<\/li>\n<li>Arlanda Airport Stockholm<\/li>\n<\/ul>\n\t\t\t<a href=\"\" title=\"Click Here\" target=\"_self\" role=\"button\" aria-label=\"Maila bokningsf\u00f6rfr\u00e5gan\" rel=\"noopener\">\n\t\t\t\t\t\t\tMaila bokningsf\u00f6rfr\u00e5gan\n\t\t<\/a>\n\t\t\t<h3>Kontakt<\/h3>\t\t\t\n\t\t\t\t<p>Telefon: <a href=\"tel:0700394598\">0700 39 45 98<\/a><br \/>Phone: <a href=\"tel:00460700394598\">0046 700 39 45 98<\/a><\/p>\n<p>E-mail: <a href=\"mailto:info@taxilofsdalen.se\">info@taxilofsdalen.se<\/a><\/p>\n\t\t\t<a href=\"mailto:info@taxilofsdalen.se\" title=\"Click Here\" target=\"_self\" role=\"button\" aria-label=\"Maila bokningsf\u00f6rfr\u00e5gan\" rel=\"noopener\">\n\t\t\t\t\t\t\tMaila bokningsf\u00f6rfr\u00e5gan\n\t\t<\/a>\n\t<h6>Copyright 2024 &#8211; Taxi Lofsdalen<\/h6>\n\n","protected":false},"excerpt":{"rendered":"<p>Taxi Lofsdalen Vi erbjuder taxi och transporttj\u00e4nster i och runt Lofsdalen. Varmt v\u00e4lkommen att boka din taxiresa redan idag! 0700 39 45 98 Transfer till och fr\u00e5n Lofsdalen Beh\u00f6ver du transfer fr\u00e5n flyget, t\u00e5get eller bussen p\u00e5 din v\u00e4g mot fj\u00e4llen? Taxi Lofsdalen fixar smidigt resan hela v\u00e4gen fram till ditt boende i Lofsdalen med&hellip;<\/p>\n","protected":false},"author":1,"featured_media":0,"parent":0,"menu_order":0,"comment_status":"closed","ping_status":"closed","template":"","meta":{"footnotes":""},"class_list":["post-11","page","type-page","status-publish","hentry"],"_links":{"self":[{"href":"https:\/\/taxilofsdalen.se\/index.php\/wp-json\/wp\/v2\/pages\/11"}],"collection":[{"href":"https:\/\/taxilofsdalen.se\/index.php\/wp-json\/wp\/v2\/pages"}],"about":[{"href":"https:\/\/taxilofsdalen.se\/index.php\/wp-json\/wp\/v2\/types\/page"}],"author":[{"embeddable":true,"href":"https:\/\/taxilofsdalen.se\/index.php\/wp-json\/wp\/v2\/users\/1"}],"replies":[{"embeddable":true,"href":"https:\/\/taxilofsdalen.se\/index.php\/wp-json\/wp\/v2\/comments?post=11"}],"version-history":[{"count":37,"href":"https:\/\/taxilofsdalen.se\/index.php\/wp-json\/wp\/v2\/pages\/11\/revisions"}],"predecessor-version":[{"id":83,"href":"https:\/\/taxilofsdalen.se\/index.php\/wp-json\/wp\/v2\/pages\/11\/revisions\/83"}],"wp:attachment":[{"href":"https:\/\/taxilofsdalen.se\/index.php\/wp-json\/wp\/v2\/media?parent=11"}],"curies":[{"name":"wp","href":"https:\/\/api.w.org\/{rel}","templated":true}]}}